{"id":3459,"date":"2024-10-22T10:06:27","date_gmt":"2024-10-22T10:06:27","guid":{"rendered":"https:\/\/www.slide-erasmus.eu\/?page_id=3459"},"modified":"2024-10-31T16:20:33","modified_gmt":"2024-10-31T16:20:33","slug":"challenge-green-library-association","status":"publish","type":"page","link":"https:\/\/www.slide-erasmus.eu\/index.php\/challenge-green-library-association\/","title":{"rendered":"Challenge &#8211; Green Library Association"},"content":{"rendered":"\n<h2 class=\"wp-block-heading\"><strong>Aiming for a Green Library Association<\/strong><\/h2>\n\n\n\n<p>How can the Zagreb Library Association promote green ideas to its members and the public without straying from its primary mission as a regional library association? How can the Zagreb Library Association position itself as a leader in promoting green ideas among other libraries and library associations in Croatia?<\/p>\n\n\n\n<p><strong>What do we need?<\/strong><\/p>\n\n\n\n<p>The proposed solution should involve some form of social media engagement, utilize the different work groups within the&nbsp;<em>Zagreb Library Association<\/em>, and include activities that will spark public involvement. Students are encouraged to draw inspiration from other green projects, but they may not copy\/paste existing projects.<\/p>\n\n\n\n<p><strong>More information:<\/strong><\/p>\n\n\n\n<p>The&nbsp;<em>Zagreb Library Association<\/em>&nbsp;has at its disposal a strong social media presence (Facebook, Instagram, LinkedIn, TikTok profiles), newsletters, and a functional website.<\/p>\n\n\n\n<ul class=\"wp-block-list\">\n<li>Site:&nbsp;<a href=\"https:\/\/zkd.hr\/\">https:\/\/zkd.hr\/<\/a><\/li>\n\n\n\n<li>Facebook:&nbsp;<a href=\"https:\/\/www.facebook.com\/zagrebacko.knjiznicarsko.drustvo\">https:\/\/www.facebook.com\/zagrebacko.knjiznicarsko.drustvo<\/a><\/li>\n\n\n\n<li>Instagram:&nbsp;<a href=\"https:\/\/www.instagram.com\/zg.knjiznicarsko.drustvo\/\">https:\/\/www.instagram.com\/zg.knjiznicarsko.drustvo\/<\/a><\/li>\n\n\n\n<li>Linkedin:&nbsp;<a href=\"https:\/\/www.linkedin.com\/company\/zagreba%C4%8Dko-knji%C5%BEni%C4%8Darsko-dru%C5%A1tvo\">https:\/\/www.linkedin.com\/company\/zagreba%C4%8Dko-knji%C5%BEni%C4%8Darsko-dru%C5%A1tvo<\/a><\/li>\n<\/ul>\n\n\n\n<p>Some green initiatives\/projects:<\/p>\n\n\n\n<ul class=\"wp-block-list\">\n<li>Green Libraries for Green Zagreb. Zagreb City Libraries, 2024. \u2013 URL:&nbsp;<a href=\"https:\/\/www.kgz.hr\/hr\/projekt-zelena-knjiznica-za-zeleni-zagreb\/32340\">https:\/\/www.kgz.hr\/hr\/projekt-zelena-knjiznica-za-zeleni-zagreb\/32340<\/a><\/li>\n\n\n\n<li>Lets go green. National and University Library in Zagreb, 2023. \u2013 URL:&nbsp;<a href=\"https:\/\/letsgogreen.nsk.hr\/\">https:\/\/letsgogreen.nsk.hr\/<\/a><\/li>\n\n\n\n<li>Cilip Green Libraries \u2013 URL:&nbsp;<a href=\"https:\/\/www.cilip.org.uk\/page\/GreenLibraries\">https:\/\/www.cilip.org.uk\/page\/GreenLibraries<\/a><\/li>\n\n\n\n<li>KRALJEVI\u0106, Ivan and LUKA\u010cI\u0106, Petar (2015) Project Green Library in Croatia. Paper presented at: IFLA WLIC 2015 \u2013 Cape Town, South Africa in Session 95 \u2013 Environmental Sustainability and Libraries SIG with New Professionals SIG \u2013 URL:&nbsp;<a href=\"https:\/\/library.ifla.org\/id\/eprint\/1208\/\">https:\/\/library.ifla.org\/id\/eprint\/1208\/<\/a><\/li>\n\n\n\n<li>Definition of Green Library. IFLA, 2024. \u2013 URL:&nbsp;<a href=\"https:\/\/www.ifla.org\/g\/environment-sustainability-and-libraries\/ifla-green-library-definition\/\">https:\/\/www.ifla.org\/g\/environment-sustainability-and-libraries\/ifla-green-library-definition\/<\/a><\/li>\n<\/ul>\n","protected":false},"excerpt":{"rendered":"<p>Aiming for a Green Library Association How can the Zagreb Library Association promote green ideas to its members and the public without straying from its primary mission as a regional library association? How can the Zagreb Library Association position itself as a leader in promoting green ideas among other libraries and library associations in Croatia? [&hellip;]<\/p>\n","protected":false},"author":2,"featured_media":0,"parent":0,"menu_order":0,"comment_status":"closed","ping_status":"closed","template":"","meta":{"footnotes":""},"class_list":["post-3459","page","type-page","status-publish","hentry"],"_links":{"self":[{"href":"https:\/\/www.slide-erasmus.eu\/index.php\/wp-json\/wp\/v2\/pages\/3459","targetHints":{"allow":["GET"]}}],"collection":[{"href":"https:\/\/www.slide-erasmus.eu\/index.php\/wp-json\/wp\/v2\/pages"}],"about":[{"href":"https:\/\/www.slide-erasmus.eu\/index.php\/wp-json\/wp\/v2\/types\/page"}],"author":[{"embeddable":true,"href":"https:\/\/www.slide-erasmus.eu\/index.php\/wp-json\/wp\/v2\/users\/2"}],"replies":[{"embeddable":true,"href":"https:\/\/www.slide-erasmus.eu\/index.php\/wp-json\/wp\/v2\/comments?post=3459"}],"version-history":[{"count":0,"href":"https:\/\/www.slide-erasmus.eu\/index.php\/wp-json\/wp\/v2\/pages\/3459\/revisions"}],"wp:attachment":[{"href":"https:\/\/www.slide-erasmus.eu\/index.php\/wp-json\/wp\/v2\/media?parent=3459"}],"curies":[{"name":"wp","href":"https:\/\/api.w.org\/{rel}","templated":true}]}}