{"id":4688,"date":"2024-12-15T20:35:55","date_gmt":"2024-12-15T20:35:55","guid":{"rendered":"https:\/\/www.slide-erasmus.eu\/?page_id=4688"},"modified":"2024-12-19T10:05:25","modified_gmt":"2024-12-19T10:05:25","slug":"bio-alzbeta-brozmanova-gregorova","status":"publish","type":"page","link":"https:\/\/www.slide-erasmus.eu\/index.php\/bio-alzbeta-brozmanova-gregorova\/","title":{"rendered":"Bio &#8211; Al\u017ebeta Brozmanov\u00e1 Gregorov\u00e1"},"content":{"rendered":"<div data-colibri-id=\"4688-c1\" class=\"style-1951 style-local-4688-c1 position-relative\">\r\n  <!---->\r\n  <div data-colibri-component=\"section\" data-colibri-id=\"4688-c2\" id=\"custom\" class=\"h-section h-section-global-spacing d-flex align-items-lg-center align-items-md-center align-items-center style-1952 style-local-4688-c2 position-relative\">\r\n    <!---->\r\n    <!---->\r\n    <div class=\"h-section-grid-container h-section-boxed-container\">\r\n      <!---->\r\n      <div data-colibri-id=\"4688-c3\" class=\"h-row-container gutters-row-lg-2 gutters-row-md-2 gutters-row-0 gutters-row-v-lg-2 gutters-row-v-md-2 gutters-row-v-2 style-1955 style-local-4688-c3 position-relative\">\r\n        <!---->\r\n        <div class=\"h-row justify-content-lg-center justify-content-md-center justify-content-center align-items-lg-stretch align-items-md-stretch align-items-stretch gutters-col-lg-2 gutters-col-md-2 gutters-col-0 gutters-col-v-lg-2 gutters-col-v-md-2 gutters-col-v-2\">\r\n          <!---->\r\n          <div class=\"h-column h-column-container d-flex h-col-lg-auto h-col-md-auto h-col-auto style-1956-outer style-local-4688-c4-outer\">\r\n            <div data-colibri-id=\"4688-c4\" class=\"d-flex h-flex-basis h-column__inner h-px-lg-2 h-px-md-2 h-px-2 v-inner-lg-2 v-inner-md-2 v-inner-2 style-1956 style-local-4688-c4 position-relative\">\r\n              <!---->\r\n              <!---->\r\n              <div class=\"w-100 h-y-container h-column__content h-column__v-align flex-basis-100 align-self-lg-start align-self-md-start align-self-start\">\r\n                <!---->\r\n                <div data-colibri-id=\"4688-c28\" class=\"h-global-transition-all h-heading style-2173 style-local-4688-c28 position-relative h-element\">\r\n                  <!---->\r\n                  <div class=\"h-heading__outer style-2173 style-local-4688-c28\">\r\n                    <!---->\r\n                    <!---->\r\n                    <h2 class=\"\"><span style=\"font-family: Oswald;\">Alzbeta Brozmanova Gregorova<\/span><\/h2>\r\n                  <\/div>\r\n                <\/div>\r\n                <div data-colibri-id=\"4688-c5\" class=\"h-global-transition-all h-heading style-1957 style-local-4688-c5 position-relative h-element\">\r\n                  <!---->\r\n                  <div class=\"h-heading__outer style-1957 style-local-4688-c5\">\r\n                    <!---->\r\n                    <!---->\r\n                    <h4 class=\"\">Matej Bel University, Slovakia<\/h4>\r\n                  <\/div>\r\n                <\/div>\r\n                <div data-colibri-id=\"4688-c8\" class=\"h-text h-text-component style-1958 style-local-4688-c8 position-relative h-element\">\r\n                  <!---->\r\n                  <!---->\r\n                  <div class=\"\">\r\n                    <p>Associate professor at the Faculty of Education, Matej Bel University in Bansk\u00e1 Bystrica, Slovakia. She focuses primarily on volunteering, service-learning, the nonprofit sector in Slovak conditions, and participatory approaches in\r\n                      social work. She has been actively working in advocacy and development of volunteering since 2002. She was involved in preparing several strategic documents on volunteering in Slovakia. Since 2011, she has been the vice president\r\n                      of the Platform of Volunteer Centers and Organizations and is currently president. She is a graduate of the Fulbright program, a member of the Government Council for Nongovernmental Organizations, a member of the Board of Directors\r\n                      of the European Association on Service-learning in Higher Education, and a member of the Service-Learning Network for Central and Eastern Europe member of Academy of Community Engaged Scholarship. <\/p>\r\n                  <\/div>\r\n                <\/div>\r\n              <\/div>\r\n            <\/div>\r\n          <\/div>\r\n        <\/div>\r\n      <\/div>\r\n      <div data-colibri-id=\"4688-c9\" class=\"h-row-container gutters-row-lg-2 gutters-row-md-2 gutters-row-0 gutters-row-v-lg-2 gutters-row-v-md-2 gutters-row-v-2 style-1981 style-local-4688-c9 position-relative\">\r\n        <!---->\r\n        <div class=\"h-row justify-content-lg-center justify-content-md-center justify-content-center align-items-lg-stretch align-items-md-stretch align-items-stretch gutters-col-lg-2 gutters-col-md-2 gutters-col-0 gutters-col-v-lg-2 gutters-col-v-md-2 gutters-col-v-2\">\r\n          <!---->\r\n          <div class=\"h-column h-column-container d-flex h-col-lg-auto h-col-md-auto h-col-auto style-1982-outer style-local-4688-c10-outer\">\r\n            <div data-colibri-id=\"4688-c10\" class=\"d-flex h-flex-basis h-column__inner h-px-lg-2 h-px-md-2 h-px-2 v-inner-lg-2 v-inner-md-2 v-inner-2 style-1982 style-local-4688-c10 position-relative\">\r\n              <!---->\r\n              <!---->\r\n              <div class=\"w-100 h-y-container h-column__content h-column__v-align flex-basis-100 align-self-lg-start align-self-md-start align-self-start\">\r\n                <!---->\r\n                <div data-colibri-id=\"4688-c11\" class=\"h-x-container style-1986 style-local-4688-c11 position-relative h-element\">\r\n                  <!---->\r\n                  <div class=\"h-x-container-inner style-dynamic-4688-c11-group style-1986-spacing style-local-4688-c11-spacing\"><span class=\"h-link__outer style-1987-outer style-local-4688-c12-outer d-inline-flex h-element\"><a h-use-smooth-scroll=\"true\" href=\"\"  data-colibri-id=\"4688-c12\" class=\"d-flex w-100 align-items-center h-link style-1987 style-local-4688-c12 position-relative\"><!----><!----> <span>E-service-learning<\/span><\/a>\r\n                    <\/span>\r\n                  <\/div>\r\n                <\/div>\r\n              <\/div>\r\n            <\/div>\r\n          <\/div>\r\n          <div class=\"h-column h-column-container d-flex h-col-lg-auto h-col-md-auto h-col-auto style-1983-outer style-local-4688-c13-outer\">\r\n            <div data-colibri-id=\"4688-c13\" class=\"d-flex h-flex-basis h-column__inner h-px-lg-2 h-px-md-2 h-px-2 v-inner-lg-2 v-inner-md-2 v-inner-2 style-1983 style-local-4688-c13 position-relative\">\r\n              <!---->\r\n              <!---->\r\n              <div class=\"w-100 h-y-container h-column__content h-column__v-align flex-basis-100 align-self-lg-start align-self-md-start align-self-start\">\r\n                <!---->\r\n                <div data-colibri-id=\"4688-c14\" class=\"h-x-container style-1988 style-local-4688-c14 position-relative h-element\">\r\n                  <!---->\r\n                  <div class=\"h-x-container-inner style-dynamic-4688-c14-group style-1988-spacing style-local-4688-c14-spacing\"><span class=\"h-link__outer style-1989-outer style-local-4688-c15-outer d-inline-flex h-element\"><a h-use-smooth-scroll=\"true\" href=\"\"  data-colibri-id=\"4688-c15\" class=\"d-flex w-100 align-items-center h-link style-1989 style-local-4688-c15 position-relative\"><!----><!----> <span>Digital empowerment &amp; inclusion<\/span><\/a>\r\n                    <\/span>\r\n                  <\/div>\r\n                <\/div>\r\n              <\/div>\r\n            <\/div>\r\n          <\/div>\r\n          <div class=\"h-column h-column-container d-flex h-col-lg-auto h-col-md-auto h-col-auto style-1984-outer style-local-4688-c16-outer\">\r\n            <div data-colibri-id=\"4688-c16\" class=\"d-flex h-flex-basis h-column__inner h-px-lg-2 h-px-md-2 h-px-2 v-inner-lg-2 v-inner-md-2 v-inner-2 style-1984 style-local-4688-c16 position-relative\">\r\n              <!---->\r\n              <!---->\r\n              <div class=\"w-100 h-y-container h-column__content h-column__v-align flex-basis-100 align-self-lg-start align-self-md-start align-self-start\">\r\n                <!---->\r\n                <div data-colibri-id=\"4688-c17\" class=\"h-x-container style-1990 style-local-4688-c17 position-relative h-element\">\r\n                  <!---->\r\n                  <div class=\"h-x-container-inner style-dynamic-4688-c17-group style-1990-spacing style-local-4688-c17-spacing\"><span class=\"h-link__outer style-1991-outer style-local-4688-c18-outer d-inline-flex h-element\"><a h-use-smooth-scroll=\"true\" href=\"\"  data-colibri-id=\"4688-c18\" class=\"d-flex w-100 align-items-center h-link style-1991 style-local-4688-c18 position-relative\"><!----><!----> <span>Social Hackathon method<\/span><\/a>\r\n                    <\/span>\r\n                  <\/div>\r\n                <\/div>\r\n              <\/div>\r\n            <\/div>\r\n          <\/div>\r\n          <div class=\"h-column h-column-container d-flex h-col-lg-auto h-col-md-auto h-col-auto style-1985-outer style-local-4688-c19-outer\">\r\n            <div data-colibri-id=\"4688-c19\" class=\"d-flex h-flex-basis h-column__inner h-px-lg-2 h-px-md-2 h-px-2 v-inner-lg-2 v-inner-md-2 v-inner-2 style-1985 style-local-4688-c19 position-relative\">\r\n              <!---->\r\n              <!---->\r\n              <div class=\"w-100 h-y-container h-column__content h-column__v-align flex-basis-100 align-self-lg-start align-self-md-start align-self-start\">\r\n                <!---->\r\n                <div data-colibri-id=\"4688-c20\" class=\"h-x-container style-1992 style-local-4688-c20 position-relative h-element\">\r\n                  <!---->\r\n                  <div class=\"h-x-container-inner style-dynamic-4688-c20-group style-1992-spacing style-local-4688-c20-spacing\"><span class=\"h-link__outer style-1993-outer style-local-4688-c21-outer d-inline-flex h-element\"><a h-use-smooth-scroll=\"true\" href=\"\"  data-colibri-id=\"4688-c21\" class=\"d-flex w-100 align-items-center h-link style-1993 style-local-4688-c21 position-relative\"><!----><!----> <span>Research on service-learning <\/span><\/a>\r\n                    <\/span>\r\n                  <\/div>\r\n                <\/div>\r\n              <\/div>\r\n            <\/div>\r\n          <\/div>\r\n        <\/div>\r\n      <\/div>\r\n      <div data-colibri-id=\"4688-c22\" class=\"h-row-container gutters-row-lg-2 gutters-row-md-2 gutters-row-0 gutters-row-v-lg-2 gutters-row-v-md-2 gutters-row-v-2 style-1959 style-local-4688-c22 position-relative\">\r\n        <!---->\r\n        <div class=\"h-row justify-content-lg-center justify-content-md-center justify-content-center align-items-lg-stretch align-items-md-stretch align-items-stretch gutters-col-lg-2 gutters-col-md-2 gutters-col-0 gutters-col-v-lg-2 gutters-col-v-md-2 gutters-col-v-2\">\r\n          <!---->\r\n          <div class=\"h-column h-column-container d-flex h-col-lg-auto h-col-md-auto h-col-auto style-1960-outer style-local-4688-c23-outer\">\r\n            <div data-colibri-id=\"4688-c23\" class=\"d-flex h-flex-basis h-column__inner h-px-lg-2 h-px-md-2 h-px-2 v-inner-lg-2 v-inner-md-2 v-inner-2 style-1960 style-local-4688-c23 position-relative\">\r\n              <!---->\r\n              <!---->\r\n              <div class=\"w-100 h-y-container h-column__content h-column__v-align flex-basis-100 align-self-lg-start align-self-md-start align-self-start\">\r\n                <!---->\r\n                <div data-colibri-id=\"4688-c24\" class=\"h-x-container style-1962 style-local-4688-c24 position-relative h-element\">\r\n                  <!---->\r\n                  <div class=\"h-x-container-inner style-dynamic-4688-c24-group style-1962-spacing style-local-4688-c24-spacing\"><span class=\"h-button__outer style-1963-outer style-local-4688-c25-outer d-inline-flex h-element\"><a h-use-smooth-scroll=\"true\" href=\"mailto:alzbeta.gregorova@umb.sk\"  data-colibri-id=\"4688-c25\" class=\"d-flex w-100 align-items-center h-button justify-content-lg-center justify-content-md-center justify-content-center style-1963 style-local-4688-c25 position-relative\"><!----><!----> <span>send email<\/span><\/a>\r\n                    <\/span>\r\n                  <\/div>\r\n                <\/div>\r\n              <\/div>\r\n            <\/div>\r\n          <\/div>\r\n        <\/div>\r\n      <\/div>\r\n    <\/div>\r\n  <\/div>\r\n<\/div>","protected":false},"excerpt":{"rendered":"<p>Alzbeta Brozmanova Gregorova Matej Bel University, Slovakia Associate professor at the Faculty of Education, Matej Bel University in Bansk\u00e1 Bystrica, Slovakia. She focuses primarily on volunteering, service-learning, the nonprofit sector in Slovak conditions, and participatory approaches in social work. She has been actively working in advocacy and development of volunteering since 2002. She was involved [&hellip;]<\/p>\n","protected":false},"author":2,"featured_media":0,"parent":0,"menu_order":0,"comment_status":"closed","ping_status":"closed","template":"page-templates\/full-width-page.php","meta":{"footnotes":""},"class_list":["post-4688","page","type-page","status-publish","hentry"],"_links":{"self":[{"href":"https:\/\/www.slide-erasmus.eu\/index.php\/wp-json\/wp\/v2\/pages\/4688","targetHints":{"allow":["GET"]}}],"collection":[{"href":"https:\/\/www.slide-erasmus.eu\/index.php\/wp-json\/wp\/v2\/pages"}],"about":[{"href":"https:\/\/www.slide-erasmus.eu\/index.php\/wp-json\/wp\/v2\/types\/page"}],"author":[{"embeddable":true,"href":"https:\/\/www.slide-erasmus.eu\/index.php\/wp-json\/wp\/v2\/users\/2"}],"replies":[{"embeddable":true,"href":"https:\/\/www.slide-erasmus.eu\/index.php\/wp-json\/wp\/v2\/comments?post=4688"}],"version-history":[{"count":6,"href":"https:\/\/www.slide-erasmus.eu\/index.php\/wp-json\/wp\/v2\/pages\/4688\/revisions"}],"predecessor-version":[{"id":5057,"href":"https:\/\/www.slide-erasmus.eu\/index.php\/wp-json\/wp\/v2\/pages\/4688\/revisions\/5057"}],"wp:attachment":[{"href":"https:\/\/www.slide-erasmus.eu\/index.php\/wp-json\/wp\/v2\/media?parent=4688"}],"curies":[{"name":"wp","href":"https:\/\/api.w.org\/{rel}","templated":true}]}}