{"id":4830,"date":"2024-12-15T21:24:21","date_gmt":"2024-12-15T21:24:21","guid":{"rendered":"https:\/\/www.slide-erasmus.eu\/?page_id=4830"},"modified":"2024-12-19T10:14:34","modified_gmt":"2024-12-19T10:14:34","slug":"bio-zuzana-heinzova","status":"publish","type":"page","link":"https:\/\/www.slide-erasmus.eu\/index.php\/bio-zuzana-heinzova\/","title":{"rendered":"Bio Zuzana Heinzov\u00e1"},"content":{"rendered":"<div data-colibri-id=\"4830-c1\" class=\"style-2102 style-local-4830-c1 position-relative\">\n  <!---->\n  <div data-colibri-component=\"section\" data-colibri-id=\"4830-c2\" id=\"custom\" class=\"h-section h-section-global-spacing d-flex align-items-lg-center align-items-md-center align-items-center style-2103 style-local-4830-c2 position-relative\">\n    <!---->\n    <!---->\n    <div class=\"h-section-grid-container h-section-boxed-container\">\n      <!---->\n      <div data-colibri-id=\"4830-c3\" class=\"h-row-container gutters-row-lg-2 gutters-row-md-2 gutters-row-0 gutters-row-v-lg-2 gutters-row-v-md-2 gutters-row-v-2 style-2104 style-local-4830-c3 position-relative\">\n        <!---->\n        <div class=\"h-row justify-content-lg-center justify-content-md-center justify-content-center align-items-lg-stretch align-items-md-stretch align-items-stretch gutters-col-lg-2 gutters-col-md-2 gutters-col-0 gutters-col-v-lg-2 gutters-col-v-md-2 gutters-col-v-2\">\n          <!---->\n          <div class=\"h-column h-column-container d-flex h-col-lg-auto h-col-md-auto h-col-auto style-2105-outer style-local-4830-c4-outer\">\n            <div data-colibri-id=\"4830-c4\" class=\"d-flex h-flex-basis h-column__inner h-px-lg-2 h-px-md-2 h-px-2 v-inner-lg-2 v-inner-md-2 v-inner-2 style-2105 style-local-4830-c4 position-relative\">\n              <!---->\n              <!---->\n              <div class=\"w-100 h-y-container h-column__content h-column__v-align flex-basis-100 align-self-lg-start align-self-md-start align-self-start\">\n                <!---->\n                <div data-colibri-id=\"4830-c23\" class=\"h-global-transition-all h-heading style-2218 style-local-4830-c23 position-relative h-element\">\n                  <!---->\n                  <div class=\"h-heading__outer style-2218 style-local-4830-c23\">\n                    <!---->\n                    <!---->\n                    <h2 class=\"\"><span style=\"font-family: Oswald;\">Zuzana Heinzova<\/span><\/h2>\n                  <\/div>\n                <\/div>\n                <div data-colibri-id=\"4830-c5\" class=\"h-global-transition-all h-heading style-2106 style-local-4830-c5 position-relative h-element\">\n                  <!---->\n                  <div class=\"h-heading__outer style-2106 style-local-4830-c5\">\n                    <!---->\n                    <!---->\n                    <h4 class=\"\">Matej Bel University, Slovakia<\/h4>\n                  <\/div>\n                <\/div>\n                <div data-colibri-id=\"4830-c8\" class=\"h-text h-text-component style-2110 style-local-4830-c8 position-relative h-element\">\n                  <!---->\n                  <!---->\n                  <div class=\"\">\n                    <p>Zuzana Heinzov\u00e1 is an assistant professor of psychology at Matej Bel University in Slovakia. She is a member of the core team implementing service learning at MBU and a member of service learning project evaluation committees in national\n                      (Anga\u017eovan\u00e1 \u0161kola \/Engaged School, Slovakia, from 2020) and international (UNISERVITATE Global Award 2024) contexts. She has been a team member in the ERASMUS+ projects focused on service learning SLIHE and SLUSIK. Her research focuses\n                      on social and personal responsibility, trait emotional intelligence, emotional regulation, flexibility, and the impact of service learning on students\u2019 development. She is interested in the research project &#8216;Emotional flexibility\n                      &#8211; emotion regulation strategies in changing conditions as mental health protective factors&#8217; and ERASMUS+ projects SLIDE.<\/p>\n                  <\/div>\n                <\/div>\n              <\/div>\n            <\/div>\n          <\/div>\n        <\/div>\n      <\/div>\n      <div data-colibri-id=\"4830-c9\" class=\"h-row-container gutters-row-lg-2 gutters-row-md-2 gutters-row-0 gutters-row-v-lg-2 gutters-row-v-md-2 gutters-row-v-2 style-2111 style-local-4830-c9 position-relative\">\n        <!---->\n        <div class=\"h-row justify-content-lg-center justify-content-md-center justify-content-center align-items-lg-stretch align-items-md-stretch align-items-stretch gutters-col-lg-2 gutters-col-md-2 gutters-col-0 gutters-col-v-lg-2 gutters-col-v-md-2 gutters-col-v-2\">\n          <!---->\n          <div class=\"h-column h-column-container d-flex h-col-lg-auto h-col-md-auto h-col-auto style-2112-outer style-local-4830-c10-outer\">\n            <div data-colibri-id=\"4830-c10\" class=\"d-flex h-flex-basis h-column__inner h-px-lg-2 h-px-md-2 h-px-2 v-inner-lg-2 v-inner-md-2 v-inner-2 style-2112 style-local-4830-c10 position-relative\">\n              <!---->\n              <!---->\n              <div class=\"w-100 h-y-container h-column__content h-column__v-align flex-basis-100 align-self-lg-start align-self-md-start align-self-start\">\n                <!---->\n                <div data-colibri-id=\"4830-c11\" class=\"h-x-container style-2114 style-local-4830-c11 position-relative h-element\">\n                  <!---->\n                  <div class=\"h-x-container-inner style-dynamic-4830-c11-group style-2114-spacing style-local-4830-c11-spacing\"><span class=\"h-link__outer style-2115-outer style-local-4830-c12-outer d-inline-flex h-element\"><a h-use-smooth-scroll=\"true\" href=\"\"  data-colibri-id=\"4830-c12\" class=\"d-flex w-100 align-items-center h-link style-2115 style-local-4830-c12 position-relative\"><!----><!----> <span>E-service-learning<\/span><\/a>\n                    <\/span>\n                  <\/div>\n                <\/div>\n              <\/div>\n            <\/div>\n          <\/div>\n          <div class=\"h-column h-column-container d-flex h-col-lg-auto h-col-md-auto h-col-auto style-2113-outer style-local-4830-c13-outer\">\n            <div data-colibri-id=\"4830-c13\" class=\"d-flex h-flex-basis h-column__inner h-px-lg-2 h-px-md-2 h-px-2 v-inner-lg-2 v-inner-md-2 v-inner-2 style-2113 style-local-4830-c13 position-relative\">\n              <!---->\n              <!---->\n              <div class=\"w-100 h-y-container h-column__content h-column__v-align flex-basis-100 align-self-lg-start align-self-md-start align-self-start\">\n                <!---->\n                <div data-colibri-id=\"4830-c14\" class=\"h-x-container style-2117 style-local-4830-c14 position-relative h-element\">\n                  <!---->\n                  <div class=\"h-x-container-inner style-dynamic-4830-c14-group style-2117-spacing style-local-4830-c14-spacing\"><span class=\"h-link__outer style-2118-outer style-local-4830-c15-outer d-inline-flex h-element\"><a h-use-smooth-scroll=\"true\" href=\"\"  data-colibri-id=\"4830-c15\" class=\"d-flex w-100 align-items-center h-link style-2118 style-local-4830-c15 position-relative\"><!----><!----> <span>Social Hackathon method<\/span><\/a>\n                    <\/span>\n                  <\/div>\n                <\/div>\n              <\/div>\n            <\/div>\n          <\/div>\n          <div class=\"h-column h-column-container d-flex h-col-lg-auto h-col-md-auto h-col-auto style-2116-outer style-local-4830-c16-outer\">\n            <div data-colibri-id=\"4830-c16\" class=\"d-flex h-flex-basis h-column__inner h-px-lg-2 h-px-md-2 h-px-2 v-inner-lg-2 v-inner-md-2 v-inner-2 style-2116 style-local-4830-c16 position-relative\">\n              <!---->\n              <!---->\n              <div class=\"w-100 h-y-container h-column__content h-column__v-align flex-basis-100 align-self-lg-start align-self-md-start align-self-start\">\n                <!---->\n                <div data-colibri-id=\"4830-c17\" class=\"h-x-container style-2119 style-local-4830-c17 position-relative h-element\">\n                  <!---->\n                  <div class=\"h-x-container-inner style-dynamic-4830-c17-group style-2119-spacing style-local-4830-c17-spacing\"><span class=\"h-link__outer style-2120-outer style-local-4830-c18-outer d-inline-flex h-element\"><a h-use-smooth-scroll=\"true\" href=\"\"  data-colibri-id=\"4830-c18\" class=\"d-flex w-100 align-items-center h-link style-2120 style-local-4830-c18 position-relative\"><!----><!----> <span>Research on service-learning <\/span><\/a>\n                    <\/span>\n                  <\/div>\n                <\/div>\n              <\/div>\n            <\/div>\n          <\/div>\n        <\/div>\n      <\/div>\n      <div data-colibri-id=\"4830-c19\" class=\"h-row-container gutters-row-lg-2 gutters-row-md-2 gutters-row-0 gutters-row-v-lg-2 gutters-row-v-md-2 gutters-row-v-2 style-2121 style-local-4830-c19 position-relative\">\n        <!---->\n        <div class=\"h-row justify-content-lg-center justify-content-md-center justify-content-center align-items-lg-stretch align-items-md-stretch align-items-stretch gutters-col-lg-2 gutters-col-md-2 gutters-col-0 gutters-col-v-lg-2 gutters-col-v-md-2 gutters-col-v-2\">\n          <!---->\n          <div class=\"h-column h-column-container d-flex h-col-lg-auto h-col-md-auto h-col-auto style-2122-outer style-local-4830-c20-outer\">\n            <div data-colibri-id=\"4830-c20\" class=\"d-flex h-flex-basis h-column__inner h-px-lg-2 h-px-md-2 h-px-2 v-inner-lg-2 v-inner-md-2 v-inner-2 style-2122 style-local-4830-c20 position-relative\">\n              <!---->\n              <!---->\n              <div class=\"w-100 h-y-container h-column__content h-column__v-align flex-basis-100 align-self-lg-start align-self-md-start align-self-start\">\n                <!---->\n                <div data-colibri-id=\"4830-c21\" class=\"h-x-container style-2124 style-local-4830-c21 position-relative h-element\">\n                  <!---->\n                  <div class=\"h-x-container-inner style-dynamic-4830-c21-group style-2124-spacing style-local-4830-c21-spacing\"><span class=\"h-button__outer style-2125-outer style-local-4830-c22-outer d-inline-flex h-element\"><a h-use-smooth-scroll=\"true\" href=\"mailto:zuzana.heinzova@umb.sk\"  data-colibri-id=\"4830-c22\" class=\"d-flex w-100 align-items-center h-button justify-content-lg-center justify-content-md-center justify-content-center style-2125 style-local-4830-c22 position-relative\"><!----><!----> <span>send email<\/span><\/a>\n                    <\/span>\n                  <\/div>\n                <\/div>\n              <\/div>\n            <\/div>\n          <\/div>\n        <\/div>\n      <\/div>\n    <\/div>\n  <\/div>\n<\/div>","protected":false},"excerpt":{"rendered":"<p>Zuzana Heinzova Matej Bel University, Slovakia Zuzana Heinzov\u00e1 is an assistant professor of psychology at Matej Bel University in Slovakia. She is a member of the core team implementing service learning at MBU and a member of service learning project evaluation committees in national (Anga\u017eovan\u00e1 \u0161kola \/Engaged School, Slovakia, from 2020) and international (UNISERVITATE Global [&hellip;]<\/p>\n","protected":false},"author":2,"featured_media":0,"parent":0,"menu_order":0,"comment_status":"closed","ping_status":"closed","template":"page-templates\/full-width-page.php","meta":{"footnotes":""},"class_list":["post-4830","page","type-page","status-publish","hentry"],"_links":{"self":[{"href":"https:\/\/www.slide-erasmus.eu\/index.php\/wp-json\/wp\/v2\/pages\/4830","targetHints":{"allow":["GET"]}}],"collection":[{"href":"https:\/\/www.slide-erasmus.eu\/index.php\/wp-json\/wp\/v2\/pages"}],"about":[{"href":"https:\/\/www.slide-erasmus.eu\/index.php\/wp-json\/wp\/v2\/types\/page"}],"author":[{"embeddable":true,"href":"https:\/\/www.slide-erasmus.eu\/index.php\/wp-json\/wp\/v2\/users\/2"}],"replies":[{"embeddable":true,"href":"https:\/\/www.slide-erasmus.eu\/index.php\/wp-json\/wp\/v2\/comments?post=4830"}],"version-history":[{"count":5,"href":"https:\/\/www.slide-erasmus.eu\/index.php\/wp-json\/wp\/v2\/pages\/4830\/revisions"}],"predecessor-version":[{"id":5127,"href":"https:\/\/www.slide-erasmus.eu\/index.php\/wp-json\/wp\/v2\/pages\/4830\/revisions\/5127"}],"wp:attachment":[{"href":"https:\/\/www.slide-erasmus.eu\/index.php\/wp-json\/wp\/v2\/media?parent=4830"}],"curies":[{"name":"wp","href":"https:\/\/api.w.org\/{rel}","templated":true}]}}