{"id":5604,"date":"2024-12-23T19:04:28","date_gmt":"2024-12-23T19:04:28","guid":{"rendered":"https:\/\/www.slide-erasmus.eu\/?page_id=5604"},"modified":"2024-12-23T19:07:08","modified_gmt":"2024-12-23T19:07:08","slug":"emad-programme","status":"publish","type":"page","link":"https:\/\/www.slide-erasmus.eu\/index.php\/emad-programme\/","title":{"rendered":"EMAD Programme"},"content":{"rendered":"<div data-colibri-id=\"5604-c1\" class=\"style-2439 style-local-5604-c1 position-relative\">\n  <!---->\n  <div data-colibri-component=\"section\" data-colibri-id=\"5604-c2\" id=\"custom-2\" class=\"h-section h-section-global-spacing d-flex align-items-lg-center align-items-md-center align-items-center style-2440 style-local-5604-c2 position-relative\">\n    <!---->\n    <!---->\n    <div class=\"h-section-grid-container h-section-boxed-container\">\n      <!---->\n      <div data-colibri-id=\"5604-c3\" class=\"h-row-container gutters-row-lg-2 gutters-row-md-2 gutters-row-0 gutters-row-v-lg-2 gutters-row-v-md-2 gutters-row-v-2 style-2441 style-local-5604-c3 position-relative\">\n        <!---->\n        <div class=\"h-row justify-content-lg-center justify-content-md-center justify-content-center align-items-lg-stretch align-items-md-stretch align-items-stretch gutters-col-lg-2 gutters-col-md-2 gutters-col-0 gutters-col-v-lg-2 gutters-col-v-md-2 gutters-col-v-2\">\n          <!---->\n          <div class=\"h-column h-column-container d-flex h-col-lg-auto h-col-md-auto h-col-auto style-2442-outer style-local-5604-c4-outer\">\n            <div data-colibri-id=\"5604-c4\" class=\"d-flex h-flex-basis h-column__inner h-px-lg-2 h-px-md-2 h-px-2 v-inner-lg-2 v-inner-md-2 v-inner-2 style-2442 style-local-5604-c4 position-relative\">\n              <!---->\n              <!---->\n              <div class=\"w-100 h-y-container h-column__content h-column__v-align flex-basis-100 align-self-lg-start align-self-md-start align-self-start\">\n                <!---->\n                <div data-colibri-id=\"5604-c5\" class=\"h-global-transition-all h-heading style-2443 style-local-5604-c5 position-relative h-element\">\n                  <!---->\n                  <div class=\"h-heading__outer style-2443 style-local-5604-c5\">\n                    <!---->\n                    <!---->\n                    <h1 class=\"\"><span style=\"font-family: Oswald;\">EMAD Programme<\/span><\/h1>\n                  <\/div>\n                <\/div>\n              <\/div>\n            <\/div>\n          <\/div>\n        <\/div>\n      <\/div>\n      <div data-colibri-id=\"5604-c6\" class=\"h-row-container gutters-row-lg-2 gutters-row-md-2 gutters-row-0 gutters-row-v-lg-2 gutters-row-v-md-2 gutters-row-v-2 style-2444 style-local-5604-c6 position-relative\">\n        <!---->\n        <div class=\"h-row justify-content-lg-center justify-content-md-center justify-content-center align-items-lg-stretch align-items-md-stretch align-items-stretch gutters-col-lg-2 gutters-col-md-2 gutters-col-0 gutters-col-v-lg-2 gutters-col-v-md-2 gutters-col-v-2\">\n          <!---->\n          <div class=\"h-column h-column-container d-flex h-col-lg-auto h-col-md-auto h-col-auto style-2445-outer style-local-5604-c7-outer\">\n            <div data-colibri-id=\"5604-c7\" class=\"d-flex h-flex-basis h-column__inner h-px-lg-2 h-px-md-2 h-px-2 v-inner-lg-2 v-inner-md-2 v-inner-2 style-2445 style-local-5604-c7 position-relative\">\n              <!---->\n              <!---->\n              <div class=\"w-100 h-y-container h-column__content h-column__v-align flex-basis-100 align-self-lg-start align-self-md-start align-self-start\">\n                <!---->\n                <div data-colibri-id=\"5604-c8\" class=\"h-global-transition-all h-heading style-2446 style-local-5604-c8 position-relative h-element\">\n                  <!---->\n                  <div class=\"h-heading__outer style-2446 style-local-5604-c8\">\n                    <!---->\n                    <!---->\n                    <h5 class=\"\"><span style=\"font-family: Muli;\">General course information<\/span><\/h5>\n                  <\/div>\n                <\/div>\n              <\/div>\n            <\/div>\n          <\/div>\n        <\/div>\n      <\/div>\n      <div data-colibri-id=\"5604-c9\" class=\"h-row-container gutters-row-lg-2 gutters-row-md-2 gutters-row-0 gutters-row-v-lg-2 gutters-row-v-md-2 gutters-row-v-2 style-2447 style-local-5604-c9 position-relative\">\n        <!---->\n        <div class=\"h-row justify-content-lg-center justify-content-md-center justify-content-center align-items-lg-stretch align-items-md-stretch align-items-stretch gutters-col-lg-2 gutters-col-md-2 gutters-col-0 gutters-col-v-lg-2 gutters-col-v-md-2 gutters-col-v-2\">\n          <!---->\n          <div class=\"h-column h-column-container d-flex h-col-lg-auto h-col-md-auto h-col-auto style-2448-outer style-local-5604-c10-outer\">\n            <div data-colibri-id=\"5604-c10\" class=\"d-flex h-flex-basis h-column__inner h-px-lg-2 h-px-md-2 h-px-2 v-inner-lg-2 v-inner-md-2 v-inner-2 style-2448 style-local-5604-c10 position-relative\">\n              <!---->\n              <!---->\n              <div class=\"w-100 h-y-container h-column__content h-column__v-align flex-basis-100 align-self-lg-start align-self-md-start align-self-start\">\n                <!---->\n                <div data-colibri-id=\"5604-c11\" class=\"h-text h-text-component style-2449 style-local-5604-c11 position-relative h-element\">\n                  <!---->\n                  <!---->\n                  <div class=\"\">\n                    <ul>\n                      <li>Institution: University of Granada<\/li>\n                      <li>Country: Spain<\/li>\n                      <li>Lecturer: Mirian Herv\u00e1s Torres<span style=\"color: rgb(58, 97, 107); font-weight: 400; font-size: 99%; font-family: Lato;\">&nbsp;<\/span><\/li>\n                    <\/ul>\n                    <p>\n                      <br>\n                    <\/p>\n                  <\/div>\n                <\/div>\n              <\/div>\n            <\/div>\n          <\/div>\n          <div class=\"h-column h-column-container d-flex h-col-lg-auto h-col-md-auto h-col-auto style-2450-outer style-local-5604-c12-outer\">\n            <div data-colibri-id=\"5604-c12\" class=\"d-flex h-flex-basis h-column__inner h-px-lg-2 h-px-md-2 h-px-2 v-inner-lg-2 v-inner-md-2 v-inner-2 style-2450 style-local-5604-c12 position-relative\">\n              <!---->\n              <!---->\n              <div class=\"w-100 h-y-container h-column__content h-column__v-align flex-basis-100 align-self-lg-start align-self-md-start align-self-start\">\n                <!---->\n                <div data-colibri-id=\"5604-c13\" class=\"h-text h-text-component style-2449 style-local-5604-c13 position-relative h-element\">\n                  <!---->\n                  <!---->\n                  <div class=\"\">\n                    <ul>\n                      <li>Curriculum: <\/li>\n                      <li>Course level: BSc<\/li>\n                      <li>Credits: 1 ECTS<\/li>\n                      <li>Number of students participating: 17<\/li>\n                    <\/ul>\n                    <p>\n                      <br>\n                    <\/p>\n                  <\/div>\n                <\/div>\n              <\/div>\n            <\/div>\n          <\/div>\n        <\/div>\n      <\/div>\n      <div data-colibri-id=\"5604-c14\" class=\"h-row-container gutters-row-lg-2 gutters-row-md-2 gutters-row-0 gutters-row-v-lg-2 gutters-row-v-md-2 gutters-row-v-2 style-2451 style-local-5604-c14 position-relative\">\n        <!---->\n        <div class=\"h-row justify-content-lg-center justify-content-md-center justify-content-center align-items-lg-stretch align-items-md-stretch align-items-stretch gutters-col-lg-2 gutters-col-md-2 gutters-col-0 gutters-col-v-lg-2 gutters-col-v-md-2 gutters-col-v-2\">\n          <!---->\n          <div class=\"h-column h-column-container d-flex h-col-lg-auto h-col-md-auto h-col-auto style-2452-outer style-local-5604-c15-outer\">\n            <div data-colibri-id=\"5604-c15\" class=\"d-flex h-flex-basis h-column__inner h-px-lg-2 h-px-md-2 h-px-2 v-inner-lg-2 v-inner-md-2 v-inner-2 style-2452 style-local-5604-c15 position-relative\">\n              <!---->\n              <!---->\n              <div class=\"w-100 h-y-container h-column__content h-column__v-align flex-basis-100 align-self-lg-start align-self-md-start align-self-start\">\n                <!---->\n                <div data-colibri-id=\"5604-c16\" class=\"h-global-transition-all h-heading style-2446 style-local-5604-c16 position-relative h-element\">\n                  <!---->\n                  <div class=\"h-heading__outer style-2446 style-local-5604-c16\">\n                    <!---->\n                    <!---->\n                    <h5 class=\"\"><span style=\"font-family: Muli;\">description of the course<\/span><\/h5>\n                  <\/div>\n                <\/div>\n                <div data-colibri-id=\"5604-c17\" class=\"h-text h-text-component style-2453 style-local-5604-c17 position-relative h-element\">\n                  <!---->\n                  <!---->\n                  <div class=\"\">\n                    <p>The E-MAD Programme is a training proposal aiming to increase the appropriate use of new technologies to improve the digital skills that help them in the search for employment and their full incorporation into the new knowledge society.\n                      All this through innovative methodologies, such as E-Service-Learning and E-Mentoring.<\/p>\n                    <p>The entities with which they collaborated were: Fundaci\u00f3n Acci\u00f3n Contra el Hambre, Asociaci\u00f3n Engloba, Centro Comarcal de Tratamiento de Adicciones de Loja y Centro Guadalinfo de Diezma.<\/p>\n                    <p>They receive training on the subject and then develop e-mentoring sessions aimed at improving digital skills and job search.<\/p>\n                    <p>They put into practice knowledge of different subjects with which they improve their professional skills. <\/p>\n                    <p>Follow-up sessions are held where they explain how the e-sessions are developing and share their doubts or suggestions for improvement. They also prepare an e-mentor notebook where they include the objectives of the different sessions,\n                      whether they have been achieved or not, and justification, as well as what are the aspects that they should continue working on.<\/p>\n                    <p>Digital empowerment is reflected in making appropriate use of technologies to look for a job through virtual sessions. For example, in the case of users, develop a video CV, register for job offers and monitor them, use social networks\n                      such as LinkedIn to contact companies, etc. For e-meters, learn about the technologies and resources to help with during e-sessions, or integrate digital tools and resources to promote learning capacity and creativity.<\/p>\n                  <\/div>\n                <\/div>\n                <div data-colibri-id=\"5604-c18\" class=\"h-global-transition-all h-heading style-2446 style-local-5604-c18 position-relative h-element\">\n                  <!---->\n                  <div class=\"h-heading__outer style-2446 style-local-5604-c18\">\n                    <!---->\n                    <!---->\n                    <h5 class=\"\"><span style=\"font-family: Muli;\">Stories on succes and failures<\/span><\/h5>\n                  <\/div>\n                <\/div>\n                <div data-colibri-id=\"5604-c19\" class=\"h-text h-text-component style-2453 style-local-5604-c19 position-relative h-element\">\n                  <!---->\n                  <!---->\n                  <div class=\"\">\n                    <p>tisfaction after their participation. The recommendation of the program to other students, the interest in the topics covered, the good relationship and atmosphere with the user, the attention and respect with which they have been\n                      treated, the motivation for the program, or the attention on the part of those responsible for the program are highlighted. On the other hand, in relation to user satisfaction, they express a high level of satisfaction, where they\n                      indicate a high level of motivation and interest in the program, as well as an improvement in the level of learning of the contents covered or greater preparation to face professional issues and recommendation to other users to participate\n                      in it.<\/p>\n                    <p>With respect to the social skills of the e-mentors, changes for improvement are recorded in the subscales of expression of anger or disagreement, or making requests. While in aspects related to motivation and learning strategies, once\n                      the program is over, changes of improvement have been observed in subscales such as task value, self-efficacy, elaboration, organization, critical thinking, or regulation of effort. Regarding digital competence, improvements have\n                      been observed in different areas, such as in Factor 1 (Technological literacy), increasing the use of digital image, audio and video processing tools, using communication tools based on client-type email and webmail services, developing\n                      online conversations through synchronous communication tools via the Web or effectively using e-learning\/b-learning platforms to Online training and collaboration. In Factor 2 (Access and use of information) there are changes for\n                      improvement with regard to the item giving back to the community in terms of digital information resources the solution to a problem. On the other hand, in Factor 3 (Communication and collaboration), there are slight improvements\n                      in terms of forming inter and multidisciplinary work teams for the development of projects or problem solving, as well as an increase in creating and energizing networks and professional communities of knowledge for collaborative\n                      work in virtual environments and sharing experiences on social networks. While Factor 4 (Digital Citizenship) does not include improvements, Factor 5 (Creativity and Innovation) increases aspects such as demonstrating the integration\n                      of ICT knowledge into professional practice, creating original work as a means of personal or group expression using ICT, as part of their lifelong and reflective learning, using models and simulations to explore complex systems\n                      and topics using ICT,&nbsp;or integrate digital tools and resources to promote learning capacity and creativity. Finally, the data collected concerning e-mentors indicate a high level of satisfaction after their participation, with\n                      an average of 4 points out of 5. The recommendation of the program to other students, the interest in the topics covered, the good relationship and atmosphere with the user, the attention and respect with which they have been treated,\n                      the motivation for the program, or the attention on the part of those responsible for the program are highlighted.<\/p>\n                    <p>The relationships that were established were adequate and the objectives proposed by the participating e-mentors were met since there was predisposition and motivation on the part of the users, as well as the responsibility to respect\n                      the schedule established for the sessions. The conditions for them to occur were to create a link between e-mentor and user through an analysis of needs and interests, as well as a routine with the establishment of what would be\n                      the objectives to be achieved in the short term.<\/p>\n                    <p>Difficulties were observed in completing the sessions due to lack of time, time compatibility or family problems, for this other means of communication were used such as the use of WhatsApp, phone calls, use of e-mail, making reminders\n                      to the user, adapted to the rhythm of each user, or use of role-play.<\/p>\n                  <\/div>\n                <\/div>\n              <\/div>\n            <\/div>\n          <\/div>\n        <\/div>\n      <\/div>\n    <\/div>\n  <\/div>\n<\/div>","protected":false},"excerpt":{"rendered":"<p>EMAD Programme General course information Institution: University of Granada Country: Spain Lecturer: Mirian Herv\u00e1s Torres&nbsp; Curriculum: Course level: BSc Credits: 1 ECTS Number of students participating: 17 description of the course The E-MAD Programme is a training proposal aiming to increase the appropriate use of new technologies to improve the digital skills that help them [&hellip;]<\/p>\n","protected":false},"author":2,"featured_media":0,"parent":0,"menu_order":0,"comment_status":"closed","ping_status":"closed","template":"page-templates\/full-width-page.php","meta":{"footnotes":""},"class_list":["post-5604","page","type-page","status-publish","hentry"],"_links":{"self":[{"href":"https:\/\/www.slide-erasmus.eu\/index.php\/wp-json\/wp\/v2\/pages\/5604","targetHints":{"allow":["GET"]}}],"collection":[{"href":"https:\/\/www.slide-erasmus.eu\/index.php\/wp-json\/wp\/v2\/pages"}],"about":[{"href":"https:\/\/www.slide-erasmus.eu\/index.php\/wp-json\/wp\/v2\/types\/page"}],"author":[{"embeddable":true,"href":"https:\/\/www.slide-erasmus.eu\/index.php\/wp-json\/wp\/v2\/users\/2"}],"replies":[{"embeddable":true,"href":"https:\/\/www.slide-erasmus.eu\/index.php\/wp-json\/wp\/v2\/comments?post=5604"}],"version-history":[{"count":2,"href":"https:\/\/www.slide-erasmus.eu\/index.php\/wp-json\/wp\/v2\/pages\/5604\/revisions"}],"predecessor-version":[{"id":5615,"href":"https:\/\/www.slide-erasmus.eu\/index.php\/wp-json\/wp\/v2\/pages\/5604\/revisions\/5615"}],"wp:attachment":[{"href":"https:\/\/www.slide-erasmus.eu\/index.php\/wp-json\/wp\/v2\/media?parent=5604"}],"curies":[{"name":"wp","href":"https:\/\/api.w.org\/{rel}","templated":true}]}}