{"id":5639,"date":"2024-12-23T19:15:34","date_gmt":"2024-12-23T19:15:34","guid":{"rendered":"https:\/\/www.slide-erasmus.eu\/?page_id=5639"},"modified":"2024-12-23T19:19:52","modified_gmt":"2024-12-23T19:19:52","slug":"senskype","status":"publish","type":"page","link":"https:\/\/www.slide-erasmus.eu\/index.php\/senskype\/","title":{"rendered":"Senskype"},"content":{"rendered":"<div data-colibri-id=\"5639-c1\" class=\"style-2469 style-local-5639-c1 position-relative\">\n  <!---->\n  <div data-colibri-component=\"section\" data-colibri-id=\"5639-c2\" id=\"custom-2\" class=\"h-section h-section-global-spacing d-flex align-items-lg-center align-items-md-center align-items-center style-2470 style-local-5639-c2 position-relative\">\n    <!---->\n    <!---->\n    <div class=\"h-section-grid-container h-section-boxed-container\">\n      <!---->\n      <div data-colibri-id=\"5639-c3\" class=\"h-row-container gutters-row-lg-2 gutters-row-md-2 gutters-row-0 gutters-row-v-lg-2 gutters-row-v-md-2 gutters-row-v-2 style-2471 style-local-5639-c3 position-relative\">\n        <!---->\n        <div class=\"h-row justify-content-lg-center justify-content-md-center justify-content-center align-items-lg-stretch align-items-md-stretch align-items-stretch gutters-col-lg-2 gutters-col-md-2 gutters-col-0 gutters-col-v-lg-2 gutters-col-v-md-2 gutters-col-v-2\">\n          <!---->\n          <div class=\"h-column h-column-container d-flex h-col-lg-auto h-col-md-auto h-col-auto style-2472-outer style-local-5639-c4-outer\">\n            <div data-colibri-id=\"5639-c4\" class=\"d-flex h-flex-basis h-column__inner h-px-lg-2 h-px-md-2 h-px-2 v-inner-lg-2 v-inner-md-2 v-inner-2 style-2472 style-local-5639-c4 position-relative\">\n              <!---->\n              <!---->\n              <div class=\"w-100 h-y-container h-column__content h-column__v-align flex-basis-100 align-self-lg-start align-self-md-start align-self-start\">\n                <!---->\n                <div data-colibri-id=\"5639-c5\" class=\"h-global-transition-all h-heading style-2473 style-local-5639-c5 position-relative h-element\">\n                  <!---->\n                  <div class=\"h-heading__outer style-2473 style-local-5639-c5\">\n                    <!---->\n                    <!---->\n                    <h1 class=\"\"><span style=\"font-family: Oswald;\">Senskype<\/span><\/h1>\n                  <\/div>\n                <\/div>\n              <\/div>\n            <\/div>\n          <\/div>\n        <\/div>\n      <\/div>\n      <div data-colibri-id=\"5639-c6\" class=\"h-row-container gutters-row-lg-2 gutters-row-md-2 gutters-row-0 gutters-row-v-lg-2 gutters-row-v-md-2 gutters-row-v-2 style-2474 style-local-5639-c6 position-relative\">\n        <!---->\n        <div class=\"h-row justify-content-lg-center justify-content-md-center justify-content-center align-items-lg-stretch align-items-md-stretch align-items-stretch gutters-col-lg-2 gutters-col-md-2 gutters-col-0 gutters-col-v-lg-2 gutters-col-v-md-2 gutters-col-v-2\">\n          <!---->\n          <div class=\"h-column h-column-container d-flex h-col-lg-auto h-col-md-auto h-col-auto style-2475-outer style-local-5639-c7-outer\">\n            <div data-colibri-id=\"5639-c7\" class=\"d-flex h-flex-basis h-column__inner h-px-lg-2 h-px-md-2 h-px-2 v-inner-lg-2 v-inner-md-2 v-inner-2 style-2475 style-local-5639-c7 position-relative\">\n              <!---->\n              <!---->\n              <div class=\"w-100 h-y-container h-column__content h-column__v-align flex-basis-100 align-self-lg-start align-self-md-start align-self-start\">\n                <!---->\n                <div data-colibri-id=\"5639-c8\" class=\"h-global-transition-all h-heading style-2476 style-local-5639-c8 position-relative h-element\">\n                  <!---->\n                  <div class=\"h-heading__outer style-2476 style-local-5639-c8\">\n                    <!---->\n                    <!---->\n                    <h5 class=\"\"><span style=\"font-family: Muli;\">General course information<\/span><\/h5>\n                  <\/div>\n                <\/div>\n              <\/div>\n            <\/div>\n          <\/div>\n        <\/div>\n      <\/div>\n      <div data-colibri-id=\"5639-c9\" class=\"h-row-container gutters-row-lg-2 gutters-row-md-2 gutters-row-0 gutters-row-v-lg-2 gutters-row-v-md-2 gutters-row-v-2 style-2477 style-local-5639-c9 position-relative\">\n        <!---->\n        <div class=\"h-row justify-content-lg-center justify-content-md-center justify-content-center align-items-lg-stretch align-items-md-stretch align-items-stretch gutters-col-lg-2 gutters-col-md-2 gutters-col-0 gutters-col-v-lg-2 gutters-col-v-md-2 gutters-col-v-2\">\n          <!---->\n          <div class=\"h-column h-column-container d-flex h-col-lg-auto h-col-md-auto h-col-auto style-2478-outer style-local-5639-c10-outer\">\n            <div data-colibri-id=\"5639-c10\" class=\"d-flex h-flex-basis h-column__inner h-px-lg-2 h-px-md-2 h-px-2 v-inner-lg-2 v-inner-md-2 v-inner-2 style-2478 style-local-5639-c10 position-relative\">\n              <!---->\n              <!---->\n              <div class=\"w-100 h-y-container h-column__content h-column__v-align flex-basis-100 align-self-lg-start align-self-md-start align-self-start\">\n                <!---->\n                <div data-colibri-id=\"5639-c11\" class=\"h-text h-text-component style-2479 style-local-5639-c11 position-relative h-element\">\n                  <!---->\n                  <!---->\n                  <div class=\"\">\n                    <ul>\n                      <li>Institution: Matej Bel University<\/li>\n                      <li>Country: Slovakia<\/li>\n                      <li>Lecturer: Lada Kalisk\u00e1, Eva Soll\u00e1rov\u00e1<span style=\"color: rgb(58, 97, 107); font-weight: 400; font-size: 99%; font-family: Lato;\">&nbsp;<\/span><\/li>\n                    <\/ul>\n                    <p>\n                      <br>\n                    <\/p>\n                    <p>\n                      <br>\n                    <\/p>\n                  <\/div>\n                <\/div>\n              <\/div>\n            <\/div>\n          <\/div>\n          <div class=\"h-column h-column-container d-flex h-col-lg-auto h-col-md-auto h-col-auto style-2480-outer style-local-5639-c12-outer\">\n            <div data-colibri-id=\"5639-c12\" class=\"d-flex h-flex-basis h-column__inner h-px-lg-2 h-px-md-2 h-px-2 v-inner-lg-2 v-inner-md-2 v-inner-2 style-2480 style-local-5639-c12 position-relative\">\n              <!---->\n              <!---->\n              <div class=\"w-100 h-y-container h-column__content h-column__v-align flex-basis-100 align-self-lg-start align-self-md-start align-self-start\">\n                <!---->\n                <div data-colibri-id=\"5639-c13\" class=\"h-text h-text-component style-2479 style-local-5639-c13 position-relative h-element\">\n                  <!---->\n                  <!---->\n                  <div class=\"\">\n                    <ul>\n                      <li>Curriculum:&nbsp;Psychology <\/li>\n                      <li>Course level: BSc<\/li>\n                      <li>Credits: 4 ECTS<\/li>\n                      <li>Number of students participating: 76<\/li>\n                    <\/ul>\n                    <p>\n                      <br>\n                    <\/p>\n                  <\/div>\n                <\/div>\n              <\/div>\n            <\/div>\n          <\/div>\n        <\/div>\n      <\/div>\n      <div data-colibri-id=\"5639-c14\" class=\"h-row-container gutters-row-lg-2 gutters-row-md-2 gutters-row-0 gutters-row-v-lg-2 gutters-row-v-md-2 gutters-row-v-2 style-2481 style-local-5639-c14 position-relative\">\n        <!---->\n        <div class=\"h-row justify-content-lg-center justify-content-md-center justify-content-center align-items-lg-stretch align-items-md-stretch align-items-stretch gutters-col-lg-2 gutters-col-md-2 gutters-col-0 gutters-col-v-lg-2 gutters-col-v-md-2 gutters-col-v-2\">\n          <!---->\n          <div class=\"h-column h-column-container d-flex h-col-lg-auto h-col-md-auto h-col-auto style-2482-outer style-local-5639-c15-outer\">\n            <div data-colibri-id=\"5639-c15\" class=\"d-flex h-flex-basis h-column__inner h-px-lg-2 h-px-md-2 h-px-2 v-inner-lg-2 v-inner-md-2 v-inner-2 style-2482 style-local-5639-c15 position-relative\">\n              <!---->\n              <!---->\n              <div class=\"w-100 h-y-container h-column__content h-column__v-align flex-basis-100 align-self-lg-start align-self-md-start align-self-start\">\n                <!---->\n                <div data-colibri-id=\"5639-c16\" class=\"h-global-transition-all h-heading style-2476 style-local-5639-c16 position-relative h-element\">\n                  <!---->\n                  <div class=\"h-heading__outer style-2476 style-local-5639-c16\">\n                    <!---->\n                    <!---->\n                    <h5 class=\"\"><span style=\"font-family: Muli;\">description of the course<\/span><\/h5>\n                  <\/div>\n                <\/div>\n                <div data-colibri-id=\"5639-c17\" class=\"h-text h-text-component style-2483 style-local-5639-c17 position-relative h-element\">\n                  <!---->\n                  <!---->\n                  <div class=\"\">\n                    <p>The project was created to respond to the COVID-19 pandemic and as a collaboration between the Department of Psychology and a senior living facility. During the pandemic, the seniors&#8217; contacts with the outside world were limited, so\n                      there was an effort to provide counselling and contact with people in the facility in a different form. The teachers and the organisation prepared a project in which the students \u2013 future psychologists regularly offered counselling\n                      to the clients in the facility via an online application and developed their counselling skills. Each week, students had group and, if necessary, individual supervision sessions where they reflected on their experiences. The project\n                      was implemented over four semesters. Before the actual implementation of the online calls, digital empowerment of the clients was an important part of taking away their fears and being able to communicate via tablet. It was also\n                      necessary to develop the students&#8217; skills and prepare them to provide counselling in an online environment. The partner&#8217;s role in the project was to organise and connect the clients with the students and provide support to both parties\n                      when needed.<\/p>\n                  <\/div>\n                <\/div>\n                <div data-colibri-id=\"5639-c18\" class=\"h-global-transition-all h-heading style-2476 style-local-5639-c18 position-relative h-element\">\n                  <!---->\n                  <div class=\"h-heading__outer style-2476 style-local-5639-c18\">\n                    <!---->\n                    <!---->\n                    <h5 class=\"\"><span style=\"font-family: Muli;\">Stories on succes and failures<\/span><\/h5>\n                  <\/div>\n                <\/div>\n                <div data-colibri-id=\"5639-c19\" class=\"h-text h-text-component style-2483 style-local-5639-c19 position-relative h-element\">\n                  <!---->\n                  <!---->\n                  <div class=\"\">\n                    <p>The benefits of the project were also analysed in great detail in a separate rigorous thesis prepared by the social worker of the facility, which identified the benefits for the clients in the emotional, cognitive and social domains,\n                      the benefits for the students in terms of professional and personal development, and the benefits for the placement itself. However, the project was not continued after the pandemic. The conditions for success were a willingness\n                      to cooperate on the project on all sides &#8211; on the part of the students, university teachers and the part of the community partner. The project was also offered to other facilities, but they were not interested, primarily due to a\n                      lack of staff. Difficulties identified during the project were mainly related to the lack of technical equipment in the facility and shortcomings in the internet connection.&nbsp;Other challenges identified were on the side of the\n                      clients, for example, language barrier, speech disability, lack of concentration, and health discomfort &#8211; these were identified as disturbing elements, and the students had to deal with them during the counselling. Staff shortages\n                      were also among the limitations. There was an unplanned break in the counselling interviews during the project&#8217;s operation. This was due to the sick leave of the project coordinator from the facility due to the problematic management\n                      of COVID-19, which put the project on hold for five months.<\/p>\n                  <\/div>\n                <\/div>\n              <\/div>\n            <\/div>\n          <\/div>\n        <\/div>\n      <\/div>\n    <\/div>\n  <\/div>\n<\/div>","protected":false},"excerpt":{"rendered":"<p>Senskype General course information Institution: Matej Bel University Country: Slovakia Lecturer: Lada Kalisk\u00e1, Eva Soll\u00e1rov\u00e1&nbsp; Curriculum:&nbsp;Psychology Course level: BSc Credits: 4 ECTS Number of students participating: 76 description of the course The project was created to respond to the COVID-19 pandemic and as a collaboration between the Department of Psychology and a senior living facility. [&hellip;]<\/p>\n","protected":false},"author":2,"featured_media":0,"parent":0,"menu_order":0,"comment_status":"closed","ping_status":"closed","template":"page-templates\/full-width-page.php","meta":{"footnotes":""},"class_list":["post-5639","page","type-page","status-publish","hentry"],"_links":{"self":[{"href":"https:\/\/www.slide-erasmus.eu\/index.php\/wp-json\/wp\/v2\/pages\/5639","targetHints":{"allow":["GET"]}}],"collection":[{"href":"https:\/\/www.slide-erasmus.eu\/index.php\/wp-json\/wp\/v2\/pages"}],"about":[{"href":"https:\/\/www.slide-erasmus.eu\/index.php\/wp-json\/wp\/v2\/types\/page"}],"author":[{"embeddable":true,"href":"https:\/\/www.slide-erasmus.eu\/index.php\/wp-json\/wp\/v2\/users\/2"}],"replies":[{"embeddable":true,"href":"https:\/\/www.slide-erasmus.eu\/index.php\/wp-json\/wp\/v2\/comments?post=5639"}],"version-history":[{"count":2,"href":"https:\/\/www.slide-erasmus.eu\/index.php\/wp-json\/wp\/v2\/pages\/5639\/revisions"}],"predecessor-version":[{"id":5650,"href":"https:\/\/www.slide-erasmus.eu\/index.php\/wp-json\/wp\/v2\/pages\/5639\/revisions\/5650"}],"wp:attachment":[{"href":"https:\/\/www.slide-erasmus.eu\/index.php\/wp-json\/wp\/v2\/media?parent=5639"}],"curies":[{"name":"wp","href":"https:\/\/api.w.org\/{rel}","templated":true}]}}